{"id":490,"date":"2023-06-21T08:47:34","date_gmt":"2023-06-21T08:47:34","guid":{"rendered":"https:\/\/mortella.com\/tr\/?page_id=490"},"modified":"2024-01-11T08:13:19","modified_gmt":"2024-01-11T08:13:19","slug":"cookie-policy","status":"publish","type":"page","link":"https:\/\/mortella.com\/tr\/cookie-policy\/","title":{"rendered":"\u00c7erez Politikas\u0131"},"content":{"rendered":"<div data-elementor-type=\"wp-page\" data-elementor-id=\"490\" class=\"elementor elementor-490\" data-elementor-post-type=\"page\">\n\t\t\t\t\t\t<section class=\"elementor-section elementor-top-section elementor-element elementor-element-48e2568 elementor-section-boxed elementor-section-height-default elementor-section-height-default\" data-id=\"48e2568\" data-element_type=\"section\" data-settings=\"{&quot;background_background&quot;:&quot;classic&quot;}\">\n\t\t\t\t\t\t<div class=\"elementor-container elementor-column-gap-default\">\n\t\t\t\t\t<div class=\"elementor-column elementor-col-100 elementor-top-column elementor-element elementor-element-d4a2a54\" data-id=\"d4a2a54\" data-element_type=\"column\">\n\t\t\t<div class=\"elementor-widget-wrap elementor-element-populated\">\n\t\t\t\t\t\t\t<\/div>\n\t\t<\/div>\n\t\t\t\t\t<\/div>\n\t\t<\/section>\n\t\t\t\t<section class=\"elementor-section elementor-top-section elementor-element elementor-element-64ce683 elementor-section-boxed elementor-section-height-default elementor-section-height-default\" data-id=\"64ce683\" data-element_type=\"section\">\n\t\t\t\t\t\t<div class=\"elementor-container elementor-column-gap-default\">\n\t\t\t\t\t<div class=\"elementor-column elementor-col-100 elementor-top-column elementor-element elementor-element-705df22\" data-id=\"705df22\" data-element_type=\"column\" data-settings=\"{&quot;background_background&quot;:&quot;classic&quot;}\">\n\t\t\t<div class=\"elementor-widget-wrap elementor-element-populated\">\n\t\t\t\t\t\t<div class=\"elementor-element elementor-element-349b2e0 elementor-widget elementor-widget-image\" data-id=\"349b2e0\" data-element_type=\"widget\" data-widget_type=\"image.default\">\n\t\t\t\t<div class=\"elementor-widget-container\">\n\t\t\t\t\t\t\t\t\t\t\t\t\t\t\t<img decoding=\"async\" src=\"https:\/\/mortella.com\/wp-content\/uploads\/elementor\/thumbs\/Rectangle-175-q7yuh4nnd5ho9o5oeaomexirlfsuvacxtri0qslnq0.png\" title=\"Rectangle 175\" alt=\"Rectangle 175\" loading=\"lazy\" \/>\t\t\t\t\t\t\t\t\t\t\t\t\t\t\t<\/div>\n\t\t\t\t<\/div>\n\t\t\t\t<div class=\"elementor-element elementor-element-42d6fd1 stylish-font elementor-widget elementor-widget-heading\" data-id=\"42d6fd1\" data-element_type=\"widget\" data-widget_type=\"heading.default\">\n\t\t\t\t<div class=\"elementor-widget-container\">\n\t\t\t\t\t<h2 class=\"elementor-heading-title elementor-size-default\">\u00c7erez Politikas\u0131<\/h2>\t\t\t\t<\/div>\n\t\t\t\t<\/div>\n\t\t\t\t<div class=\"elementor-element elementor-element-665c474 elementor-widget elementor-widget-image\" data-id=\"665c474\" data-element_type=\"widget\" data-widget_type=\"image.default\">\n\t\t\t\t<div class=\"elementor-widget-container\">\n\t\t\t\t\t\t\t\t\t\t\t\t\t\t\t<img decoding=\"async\" src=\"https:\/\/mortella.com\/wp-content\/uploads\/elementor\/thumbs\/Rectangle-176-q7yuh2ryzheu092zriowv7cqmk6qxxbmbyt9mr0epu.png\" title=\"Rectangle 176\" alt=\"Rectangle 176\" loading=\"lazy\" \/>\t\t\t\t\t\t\t\t\t\t\t\t\t\t\t<\/div>\n\t\t\t\t<\/div>\n\t\t\t\t<div class=\"elementor-element elementor-element-104b992 elementor-widget elementor-widget-text-editor\" data-id=\"104b992\" data-element_type=\"widget\" data-widget_type=\"text-editor.default\">\n\t\t\t\t<div class=\"elementor-widget-container\">\n\t\t\t\t\t\t\t\t\t<p>Akdeniz Entegre G\u0131da Sanayi A.\u015e.'nin \u0130nternet Sitesi alan ad\u0131 ile <a style=\"color: #ccbb75;\" href=\"https:\/\/www.akdenizentegre.com.tr\">https:\/\/www.akdenizentegre.com.tr<\/a>, ziyaretiniz s\u0131ras\u0131nda Web Sitesinde gezinme deneyiminizi geli\u015ftirmek, size belirli hizmetleri sunmak ve hem veri g\u00fcvenli\u011finizi hem de Web Sitesinin g\u00fcvenli\u011fini sa\u011flamak amac\u0131yla \u00e7e\u015fitli \u00e7erezler kullan\u0131r. Bu \u00c7erez Politikas\u0131 sizi kullan\u0131lan \u00e7erezler ve bunlar\u0131n y\u00f6netimi hakk\u0131nda bilgilendirmeyi ama\u00e7lamaktad\u0131r. Bu Politika, Web Sitesinde kullan\u0131lan \u00e7erezlerde herhangi bir de\u011fi\u015fiklik olmas\u0131 durumunda g\u00fcncellenmektedir.<\/p><p>Sitemizde kullan\u0131lan \u00e7erezleri ve bunlar\u0131n nas\u0131l y\u00f6netilece\u011fini a\u00e7\u0131klamadan \u00f6nce \u00e7erezler hakk\u0131nda genel bilgi vermenizin sa\u011fl\u0131kl\u0131 olaca\u011f\u0131n\u0131 d\u00fc\u015f\u00fcn\u00fcyoruz.<\/p>\t\t\t\t\t\t\t\t<\/div>\n\t\t\t\t<\/div>\n\t\t\t\t\t<\/div>\n\t\t<\/div>\n\t\t\t\t\t<\/div>\n\t\t<\/section>\n\t\t\t\t<section class=\"elementor-section elementor-top-section elementor-element elementor-element-2be0d4d elementor-section-boxed elementor-section-height-default elementor-section-height-default\" data-id=\"2be0d4d\" data-element_type=\"section\">\n\t\t\t\t\t\t<div class=\"elementor-container elementor-column-gap-default\">\n\t\t\t\t\t<div class=\"elementor-column elementor-col-100 elementor-top-column elementor-element elementor-element-963b523\" data-id=\"963b523\" data-element_type=\"column\">\n\t\t\t<div class=\"elementor-widget-wrap elementor-element-populated\">\n\t\t\t\t\t\t<div class=\"elementor-element elementor-element-865aa6c elementor-widget elementor-widget-image\" data-id=\"865aa6c\" data-element_type=\"widget\" data-widget_type=\"image.default\">\n\t\t\t\t<div class=\"elementor-widget-container\">\n\t\t\t\t\t\t\t\t\t\t\t\t\t\t\t<img decoding=\"async\" src=\"https:\/\/mortella.com\/wp-content\/uploads\/elementor\/thumbs\/Rectangle-175-q7yuh4nnd5ho9o5oeaomexirlfsuvacxtri0qslnq0.png\" title=\"Rectangle 175\" alt=\"Rectangle 175\" loading=\"lazy\" \/>\t\t\t\t\t\t\t\t\t\t\t\t\t\t\t<\/div>\n\t\t\t\t<\/div>\n\t\t\t\t<div class=\"elementor-element elementor-element-05489d4 stylish-font elementor-widget elementor-widget-heading\" data-id=\"05489d4\" data-element_type=\"widget\" data-widget_type=\"heading.default\">\n\t\t\t\t<div class=\"elementor-widget-container\">\n\t\t\t\t\t<h2 class=\"elementor-heading-title elementor-size-default\">\u00c7erez Nedir ve Neden Kullan\u0131l\u0131r?<\/h2>\t\t\t\t<\/div>\n\t\t\t\t<\/div>\n\t\t\t\t<div class=\"elementor-element elementor-element-35aca35 elementor-widget elementor-widget-image\" data-id=\"35aca35\" data-element_type=\"widget\" data-widget_type=\"image.default\">\n\t\t\t\t<div class=\"elementor-widget-container\">\n\t\t\t\t\t\t\t\t\t\t\t\t\t\t\t<img decoding=\"async\" src=\"https:\/\/mortella.com\/wp-content\/uploads\/elementor\/thumbs\/Rectangle-176-q7yuh2ryzheu092zriowv7cqmk6qxxbmbyt9mr0epu.png\" title=\"Rectangle 176\" alt=\"Rectangle 176\" loading=\"lazy\" \/>\t\t\t\t\t\t\t\t\t\t\t\t\t\t\t<\/div>\n\t\t\t\t<\/div>\n\t\t\t\t<div class=\"elementor-element elementor-element-20ff02b elementor-widget elementor-widget-text-editor\" data-id=\"20ff02b\" data-element_type=\"widget\" data-widget_type=\"text-editor.default\">\n\t\t\t\t<div class=\"elementor-widget-container\">\n\t\t\t\t\t\t\t\t\t<p>\u00c7erezler, ziyaret etti\u011finiz web sitelerini, web sitesine eri\u015fti\u011finiz cihaza g\u00f6nderen ve daha sonra ayn\u0131 siteye girdi\u011finizde okunan, gezinme deneyiminizi iyile\u015ftirmeyi ve web sitesini sizin i\u00e7in ki\u015fiselle\u015ftirmeyi ama\u00e7layan k\u00fc\u00e7\u00fck metin dosyalar\u0131d\u0131r. Site tercihlerinize, profil bilgilerinize, gezinme bilgilerinize ili\u015fkin veriler bu k\u00fc\u00e7\u00fck metin dosyalar\u0131nda saklan\u0131r. \u00c7erezler, cihaz\u0131n\u0131za herhangi bir zarar vermeden sitenin kullan\u0131c\u0131 deneyiminin iyile\u015ftirilmesine yard\u0131mc\u0131 olur.<\/p>\t\t\t\t\t\t\t\t<\/div>\n\t\t\t\t<\/div>\n\t\t\t\t\t<\/div>\n\t\t<\/div>\n\t\t\t\t\t<\/div>\n\t\t<\/section>\n\t\t\t\t<section class=\"elementor-section elementor-top-section elementor-element elementor-element-9b3240a elementor-section-boxed elementor-section-height-default elementor-section-height-default\" data-id=\"9b3240a\" data-element_type=\"section\">\n\t\t\t\t\t\t<div class=\"elementor-container elementor-column-gap-default\">\n\t\t\t\t\t<div class=\"elementor-column elementor-col-100 elementor-top-column elementor-element elementor-element-ba6d92f\" data-id=\"ba6d92f\" data-element_type=\"column\" data-settings=\"{&quot;background_background&quot;:&quot;classic&quot;}\">\n\t\t\t<div class=\"elementor-widget-wrap elementor-element-populated\">\n\t\t\t\t\t\t<div class=\"elementor-element elementor-element-f4c0daa elementor-widget elementor-widget-image\" data-id=\"f4c0daa\" data-element_type=\"widget\" data-widget_type=\"image.default\">\n\t\t\t\t<div class=\"elementor-widget-container\">\n\t\t\t\t\t\t\t\t\t\t\t\t\t\t\t<img decoding=\"async\" src=\"https:\/\/mortella.com\/wp-content\/uploads\/elementor\/thumbs\/Rectangle-175-q7yuh4nnd5ho9o5oeaomexirlfsuvacxtri0qslnq0.png\" title=\"Rectangle 175\" alt=\"Rectangle 175\" loading=\"lazy\" \/>\t\t\t\t\t\t\t\t\t\t\t\t\t\t\t<\/div>\n\t\t\t\t<\/div>\n\t\t\t\t<div class=\"elementor-element elementor-element-2c48b1a stylish-font elementor-widget elementor-widget-heading\" data-id=\"2c48b1a\" data-element_type=\"widget\" data-widget_type=\"heading.default\">\n\t\t\t\t<div class=\"elementor-widget-container\">\n\t\t\t\t\t<h2 class=\"elementor-heading-title elementor-size-default\">\u00c7erez T\u00fcrleri ve \u0130\u015flevleri\n<\/h2>\t\t\t\t<\/div>\n\t\t\t\t<\/div>\n\t\t\t\t<div class=\"elementor-element elementor-element-432fb6a elementor-widget elementor-widget-image\" data-id=\"432fb6a\" data-element_type=\"widget\" data-widget_type=\"image.default\">\n\t\t\t\t<div class=\"elementor-widget-container\">\n\t\t\t\t\t\t\t\t\t\t\t\t\t\t\t<img decoding=\"async\" src=\"https:\/\/mortella.com\/wp-content\/uploads\/elementor\/thumbs\/Rectangle-176-q7yuh2ryzheu092zriowv7cqmk6qxxbmbyt9mr0epu.png\" title=\"Rectangle 176\" alt=\"Rectangle 176\" loading=\"lazy\" \/>\t\t\t\t\t\t\t\t\t\t\t\t\t\t\t<\/div>\n\t\t\t\t<\/div>\n\t\t\t\t<div class=\"elementor-element elementor-element-8d0b5db elementor-widget elementor-widget-text-editor\" data-id=\"8d0b5db\" data-element_type=\"widget\" data-widget_type=\"text-editor.default\">\n\t\t\t\t<div class=\"elementor-widget-container\">\n\t\t\t\t\t\t\t\t\t<p>\u00c7erezler t\u00fcrlerine g\u00f6re d\u00f6rt kategoride s\u0131n\u0131fland\u0131r\u0131labilir: Zorunlu \u00c7erezler; Performans \u00c7erezleri; \u0130\u015flevsellik \u00c7erezleri ve Hedefleme\/Reklam \u00c7erezleri. A\u015fa\u011f\u0131daki b\u00f6l\u00fcmde bu d\u00f6rt kategorideki \u00e7erezler hakk\u0131nda k\u0131sa bilgi verilmekte ve bu \u00e7erezlerin ki\u015fisel veri toplay\u0131p toplayamayaca\u011f\u0131 de\u011ferlendirilmektedir.<\/p>\t\t\t\t\t\t\t\t<\/div>\n\t\t\t\t<\/div>\n\t\t\t\t<div class=\"elementor-element elementor-element-23abe7a elementor-widget elementor-widget-text-editor\" data-id=\"23abe7a\" data-element_type=\"widget\" data-widget_type=\"text-editor.default\">\n\t\t\t\t<div class=\"elementor-widget-container\">\n\t\t\t\t\t\t\t\t\t<p><strong>Zorunlu \u00c7erezler<br \/><\/strong>Bunlar Web Sitesinin \u00e7al\u0131\u015fmas\u0131 i\u00e7in gerekli olan \u00e7erezlerdir. Bu t\u00fcr \u00e7erezler genellikle ayn\u0131 oturumda \u00f6nceki sayfalarla ilgili eylemlerin saklanmas\u0131na yarar. Bu \u00e7erezler, kimli\u011finizi do\u011frulayabilecek bir \u015fekilde sizi tan\u0131mlamaz.<\/p>\t\t\t\t\t\t\t\t<\/div>\n\t\t\t\t<\/div>\n\t\t\t\t<div class=\"elementor-element elementor-element-46012da elementor-widget elementor-widget-text-editor\" data-id=\"46012da\" data-element_type=\"widget\" data-widget_type=\"text-editor.default\">\n\t\t\t\t<div class=\"elementor-widget-container\">\n\t\t\t\t\t\t\t\t\t<p><strong>Tercih \u00c7erezleri<\/strong><br \/>Bunlar, web sitesinin kendisiyle olan etkile\u015fimlerinizi anlamas\u0131na yard\u0131mc\u0131 olan \u00e7erezlerdir. Bu t\u00fcr \u00e7erezler, Site \u00fczerinde en \u00e7ok ziyaret edilen alanlar, ge\u00e7irilen s\u00fcre ve Sitede kar\u015f\u0131la\u015f\u0131lan hatalar gibi etkile\u015fimleri depolamak amac\u0131yla kullan\u0131l\u0131r. Bu \u00e7erezler, kimli\u011finizi do\u011frulayabilecek bir \u015fekilde sizi tan\u0131mlamaz.<\/p>\t\t\t\t\t\t\t\t<\/div>\n\t\t\t\t<\/div>\n\t\t\t\t<div class=\"elementor-element elementor-element-d4001a7 elementor-widget elementor-widget-text-editor\" data-id=\"d4001a7\" data-element_type=\"widget\" data-widget_type=\"text-editor.default\">\n\t\t\t\t<div class=\"elementor-widget-container\">\n\t\t\t\t\t\t\t\t\t<p><strong>\u0130\u015flevsellik \u00c7erezleri<\/strong><br \/>Bu \u00e7erezler, ziyaret\u00e7inin Web Sitesine hangi \u00fclkeden eri\u015fti\u011fi, kulland\u0131\u011f\u0131 dil gibi bilgileri saklar. Bu t\u00fcr \u00e7erezler ziyaret\u00e7inin kullan\u0131m tercihlerinin saklanmas\u0131na yard\u0131mc\u0131 olur. Bu \u00e7erezler, ziyaret\u00e7i davran\u0131\u015flar\u0131 hakk\u0131nda anonim olarak bilgi toplayabilir ve ziyaret\u00e7ileri, kimliklerinin do\u011frulanmas\u0131na yard\u0131mc\u0131 olacak \u015fekilde tan\u0131mlayabilir.<\/p>\t\t\t\t\t\t\t\t<\/div>\n\t\t\t\t<\/div>\n\t\t\t\t<div class=\"elementor-element elementor-element-e8155e1 elementor-widget elementor-widget-text-editor\" data-id=\"e8155e1\" data-element_type=\"widget\" data-widget_type=\"text-editor.default\">\n\t\t\t\t<div class=\"elementor-widget-container\">\n\t\t\t\t\t\t\t\t\t<p><strong>Hedefleme \/ Reklam \u00c7erezleri<\/strong><br \/>Bu \u00e7erezler ziyaret\u00e7ilere ilgi alanlar\u0131na g\u00f6re i\u00e7erik sunmak amac\u0131yla kullan\u0131l\u0131r. Bu t\u00fcr \u00e7erezler ziyaret\u00e7ilerin tercihlerinin saklanmas\u0131na yard\u0131mc\u0131 olur. Bu \u00e7erezler ziyaret\u00e7ilerin IP adreslerini saklayabildi\u011fi gibi ki\u015fisel verileri de i\u015fleyebilir.<\/p>\t\t\t\t\t\t\t\t<\/div>\n\t\t\t\t<\/div>\n\t\t\t\t<div class=\"elementor-element elementor-element-76d4177 elementor-widget elementor-widget-text-editor\" data-id=\"76d4177\" data-element_type=\"widget\" data-widget_type=\"text-editor.default\">\n\t\t\t\t<div class=\"elementor-widget-container\">\n\t\t\t\t\t\t\t\t\t<p><strong>Birinci Taraf ve \u00dc\u00e7\u00fcnc\u00fc Taraf \u00c7erezleri<\/strong><br \/>Birinci taraf \u00e7erezler, \u00c7erez Politikas\u0131n\u0131n ge\u00e7erli oldu\u011fu web alan\u0131na aittir ve genellikle zorunlu, performans veya i\u015flevsellik \u00e7erezleridir. Dolay\u0131s\u0131yla bu t\u00fcr \u00e7erezlerin devre d\u0131\u015f\u0131 b\u0131rak\u0131lmas\u0131 sitenin baz\u0131 temel i\u015flevlerini etkileyebilir.<\/p><p>\u00dc\u00e7\u00fcnc\u00fc taraf \u00e7erezleri, \u00c7erez Politikas\u0131n\u0131n ge\u00e7erli oldu\u011fu web alan ad\u0131 d\u0131\u015f\u0131ndaki web sitelerine aittir. Bu \u00e7erezlerin amac\u0131 belirli ek \u00f6zelliklerin web sitesine entegre edilmesini sa\u011flamakt\u0131r.<\/p>\t\t\t\t\t\t\t\t<\/div>\n\t\t\t\t<\/div>\n\t\t\t\t\t<\/div>\n\t\t<\/div>\n\t\t\t\t\t<\/div>\n\t\t<\/section>\n\t\t\t\t<section class=\"elementor-section elementor-top-section elementor-element elementor-element-eef3087 elementor-section-boxed elementor-section-height-default elementor-section-height-default\" data-id=\"eef3087\" data-element_type=\"section\">\n\t\t\t\t\t\t<div class=\"elementor-container elementor-column-gap-default\">\n\t\t\t\t\t<div class=\"elementor-column elementor-col-100 elementor-top-column elementor-element elementor-element-ec068de\" data-id=\"ec068de\" data-element_type=\"column\">\n\t\t\t<div class=\"elementor-widget-wrap elementor-element-populated\">\n\t\t\t\t\t\t<div class=\"elementor-element elementor-element-2482de4 elementor-widget elementor-widget-image\" data-id=\"2482de4\" data-element_type=\"widget\" data-widget_type=\"image.default\">\n\t\t\t\t<div class=\"elementor-widget-container\">\n\t\t\t\t\t\t\t\t\t\t\t\t\t\t\t<img decoding=\"async\" src=\"https:\/\/mortella.com\/wp-content\/uploads\/elementor\/thumbs\/Rectangle-175-q7yuh4nnd5ho9o5oeaomexirlfsuvacxtri0qslnq0.png\" title=\"Rectangle 175\" alt=\"Rectangle 175\" loading=\"lazy\" \/>\t\t\t\t\t\t\t\t\t\t\t\t\t\t\t<\/div>\n\t\t\t\t<\/div>\n\t\t\t\t<div class=\"elementor-element elementor-element-0a581f8 stylish-font elementor-widget elementor-widget-heading\" data-id=\"0a581f8\" data-element_type=\"widget\" data-widget_type=\"heading.default\">\n\t\t\t\t<div class=\"elementor-widget-container\">\n\t\t\t\t\t<h2 class=\"elementor-heading-title elementor-size-default\">Web Sitesinde Kullan\u0131lan \u00c7erezler<\/h2>\t\t\t\t<\/div>\n\t\t\t\t<\/div>\n\t\t\t\t<div class=\"elementor-element elementor-element-28460e0 elementor-widget elementor-widget-image\" data-id=\"28460e0\" data-element_type=\"widget\" data-widget_type=\"image.default\">\n\t\t\t\t<div class=\"elementor-widget-container\">\n\t\t\t\t\t\t\t\t\t\t\t\t\t\t\t<img decoding=\"async\" src=\"https:\/\/mortella.com\/wp-content\/uploads\/elementor\/thumbs\/Rectangle-176-q7yuh2ryzheu092zriowv7cqmk6qxxbmbyt9mr0epu.png\" title=\"Rectangle 176\" alt=\"Rectangle 176\" loading=\"lazy\" \/>\t\t\t\t\t\t\t\t\t\t\t\t\t\t\t<\/div>\n\t\t\t\t<\/div>\n\t\t\t\t<div class=\"elementor-element elementor-element-545c52e elementor-widget elementor-widget-text-editor\" data-id=\"545c52e\" data-element_type=\"widget\" data-widget_type=\"text-editor.default\">\n\t\t\t\t<div class=\"elementor-widget-container\">\n\t\t\t\t\t\t\t\t\tA\u015fa\u011f\u0131da <a style=\"color: #CCBB75\" href=\"https:\/\/www.akdenizentegre.com.tr\">birinci taraf\u0131 ve \u00fc\u00e7\u00fcnc\u00fc taraf\u0131 bulabilirsiniz <\/a>https:\/\/www.akdenizentegre.com.tr adresindeki Web Sitemizde kullan\u0131lan parti \u00e7erezleri.\t\t\t\t\t\t\t\t<\/div>\n\t\t\t\t<\/div>\n\t\t\t\t<div class=\"elementor-element elementor-element-8efe133 elementor-widget elementor-widget-text-editor\" data-id=\"8efe133\" data-element_type=\"widget\" data-widget_type=\"text-editor.default\">\n\t\t\t\t<div class=\"elementor-widget-container\">\n\t\t\t\t\t\t\t\t\t<p><strong>Kullan\u0131lan Birinci Taraf \u00c7erezleri<\/strong><br \/>Web sitemizde birinci taraf \u00e7erezleri kullan\u0131lmamaktad\u0131r.<\/p>\t\t\t\t\t\t\t\t<\/div>\n\t\t\t\t<\/div>\n\t\t\t\t<div class=\"elementor-element elementor-element-5726cbf elementor-widget elementor-widget-text-editor\" data-id=\"5726cbf\" data-element_type=\"widget\" data-widget_type=\"text-editor.default\">\n\t\t\t\t<div class=\"elementor-widget-container\">\n\t\t\t\t\t\t\t\t\t<p><strong>Kullan\u0131lan \u00dc\u00e7\u00fcnc\u00fc Taraf \u00c7erezleri<\/strong><\/p><table><thead><tr><th>\u00c7erezin Ad\u0131<\/th><th>Sa\u011flay\u0131c\u0131<\/th><th>\u00c7erez T\u00fcr\u00fc<\/th><th>Saklama S\u00fcresi<\/th><\/tr><\/thead><tbody><tr><td>1p_jar<\/td><td>google<\/td><td>Hedefleme\/Reklam<\/td><td>1 ay<\/td><\/tr><\/tbody><\/table>\t\t\t\t\t\t\t\t<\/div>\n\t\t\t\t<\/div>\n\t\t\t\t<div class=\"elementor-element elementor-element-39ca7a2 elementor-widget elementor-widget-text-editor\" data-id=\"39ca7a2\" data-element_type=\"widget\" data-widget_type=\"text-editor.default\">\n\t\t\t\t<div class=\"elementor-widget-container\">\n\t\t\t\t\t\t\t\t\t<p><strong>\u00c7erezlerin Y\u00f6netimi<br \/><\/strong><br \/>Web sitemizde kullan\u0131lan \u00e7erezleri taray\u0131c\u0131n\u0131z\u0131n ayarlar\u0131na eri\u015ferek y\u00f6netebilece\u011finizi hat\u0131rlatmak isteriz. A\u015fa\u011f\u0131da \u00e7erezleri y\u00f6netmek i\u00e7in \u00e7e\u015fitli taray\u0131c\u0131lar\u0131n ayarlar\u0131na ba\u011flant\u0131lar bulabilirsiniz.<\/p><ul><li><a style=\"color: #ccbb75;\" href=\"https:\/\/support.google.com\/chrome\/answer\/95647?hl=tr\">Google Chrome<\/a><\/li><\/ul><ul><li><a style=\"color: #ccbb75;\" href=\"https:\/\/support.mozilla.org\/tr\/kb\/web-sitesi-tercihleri-cerezleri-acip-kapatma\">Mozilla Firefox<\/a><\/li><\/ul><ul><li><a style=\"color: #ccbb75;\" href=\"https:\/\/help.opera.com\/en\/latest\/security-and-privacy\/\">Opera<\/a><\/li><\/ul><ul><li><a style=\"color: #ccbb75;\" href=\"https:\/\/support.apple.com\/tr-tr\/guide\/safari\/sfri11471\/mac\">Safari<\/a><\/li><\/ul><ul><li><a style=\"color: #ccbb75;\" href=\"https:\/\/support.microsoft.com\/tr-tr\/help\/17442\/windows-internet-explorer-delete-manage-cookies\">\u0130nternet Explorer<\/a><\/li><\/ul>\t\t\t\t\t\t\t\t<\/div>\n\t\t\t\t<\/div>\n\t\t\t\t\t<\/div>\n\t\t<\/div>\n\t\t\t\t\t<\/div>\n\t\t<\/section>\n\t\t\t\t<\/div>","protected":false},"excerpt":{"rendered":"<p>Cookies Policy The Website of Akdeniz Entegre G\u0131da Sanayi A.\u015e. with the domain name https:\/\/www.akdenizentegre.com.tr, uses various cookies to improve your Website browsing experience during your visit, to provide you with certain services and to ensure both your data security and the security of the Website. This Cookies Policy aims to inform you about the [&hellip;]<\/p>","protected":false},"author":1,"featured_media":0,"parent":0,"menu_order":0,"comment_status":"closed","ping_status":"closed","template":"elementor_header_footer","meta":{"ocean_post_layout":"full-width","ocean_both_sidebars_style":"","ocean_both_sidebars_content_width":0,"ocean_both_sidebars_sidebars_width":0,"ocean_sidebar":"0","ocean_second_sidebar":"0","ocean_disable_margins":"on","ocean_add_body_class":"","ocean_shortcode_before_top_bar":"","ocean_shortcode_after_top_bar":"","ocean_shortcode_before_header":"","ocean_shortcode_after_header":"","ocean_has_shortcode":"","ocean_shortcode_after_title":"","ocean_shortcode_before_footer_widgets":"","ocean_shortcode_after_footer_widgets":"","ocean_shortcode_before_footer_bottom":"","ocean_shortcode_after_footer_bottom":"","ocean_display_top_bar":"off","ocean_display_header":"on","ocean_header_style":"","ocean_center_header_left_menu":"0","ocean_custom_header_template":"0","ocean_custom_logo":0,"ocean_custom_retina_logo":0,"ocean_custom_logo_max_width":0,"ocean_custom_logo_tablet_max_width":0,"ocean_custom_logo_mobile_max_width":0,"ocean_custom_logo_max_height":0,"ocean_custom_logo_tablet_max_height":0,"ocean_custom_logo_mobile_max_height":0,"ocean_header_custom_menu":"0","ocean_menu_typo_font_family":"0","ocean_menu_typo_font_subset":"","ocean_menu_typo_font_size":0,"ocean_menu_typo_font_size_tablet":0,"ocean_menu_typo_font_size_mobile":0,"ocean_menu_typo_font_size_unit":"px","ocean_menu_typo_font_weight":"","ocean_menu_typo_font_weight_tablet":"","ocean_menu_typo_font_weight_mobile":"","ocean_menu_typo_transform":"","ocean_menu_typo_transform_tablet":"","ocean_menu_typo_transform_mobile":"","ocean_menu_typo_line_height":0,"ocean_menu_typo_line_height_tablet":0,"ocean_menu_typo_line_height_mobile":0,"ocean_menu_typo_line_height_unit":"","ocean_menu_typo_spacing":0,"ocean_menu_typo_spacing_tablet":0,"ocean_menu_typo_spacing_mobile":0,"ocean_menu_typo_spacing_unit":"","ocean_menu_link_color":"","ocean_menu_link_color_hover":"","ocean_menu_link_color_active":"","ocean_menu_link_background":"","ocean_menu_link_hover_background":"","ocean_menu_link_active_background":"","ocean_menu_social_links_bg":"","ocean_menu_social_hover_links_bg":"","ocean_menu_social_links_color":"","ocean_menu_social_hover_links_color":"","ocean_disable_title":"on","ocean_disable_heading":"on","ocean_post_title":"","ocean_post_subheading":"","ocean_post_title_style":"","ocean_post_title_background_color":"","ocean_post_title_background":0,"ocean_post_title_bg_image_position":"","ocean_post_title_bg_image_attachment":"","ocean_post_title_bg_image_repeat":"","ocean_post_title_bg_image_size":"","ocean_post_title_height":0,"ocean_post_title_bg_overlay":0.5,"ocean_post_title_bg_overlay_color":"","ocean_disable_breadcrumbs":"off","ocean_breadcrumbs_color":"","ocean_breadcrumbs_separator_color":"","ocean_breadcrumbs_links_color":"","ocean_breadcrumbs_links_hover_color":"","ocean_display_footer_widgets":"off","ocean_display_footer_bottom":"off","ocean_custom_footer_template":"0","footnotes":""},"class_list":["post-490","page","type-page","status-publish","hentry","entry","owp-thumbs-layout-horizontal","owp-btn-normal","owp-tabs-layout-horizontal","has-no-thumbnails","has-product-nav"],"_links":{"self":[{"href":"https:\/\/mortella.com\/tr\/wp-json\/wp\/v2\/pages\/490","targetHints":{"allow":["GET"]}}],"collection":[{"href":"https:\/\/mortella.com\/tr\/wp-json\/wp\/v2\/pages"}],"about":[{"href":"https:\/\/mortella.com\/tr\/wp-json\/wp\/v2\/types\/page"}],"author":[{"embeddable":true,"href":"https:\/\/mortella.com\/tr\/wp-json\/wp\/v2\/users\/1"}],"replies":[{"embeddable":true,"href":"https:\/\/mortella.com\/tr\/wp-json\/wp\/v2\/comments?post=490"}],"version-history":[{"count":53,"href":"https:\/\/mortella.com\/tr\/wp-json\/wp\/v2\/pages\/490\/revisions"}],"predecessor-version":[{"id":2588,"href":"https:\/\/mortella.com\/tr\/wp-json\/wp\/v2\/pages\/490\/revisions\/2588"}],"wp:attachment":[{"href":"https:\/\/mortella.com\/tr\/wp-json\/wp\/v2\/media?parent=490"}],"curies":[{"name":"wp","href":"https:\/\/api.w.org\/{rel}","templated":true}]}}