{"id":1667,"date":"2023-07-19T21:17:21","date_gmt":"2023-07-19T21:17:21","guid":{"rendered":"https:\/\/mortella.com\/tr\/?page_id=1667"},"modified":"2024-01-10T10:09:41","modified_gmt":"2024-01-10T10:09:41","slug":"quality-food-safety-and-culture-policy","status":"publish","type":"page","link":"https:\/\/mortella.com\/tr\/quality-food-safety-and-culture-policy\/","title":{"rendered":"Quality &#038; Food Safety And Culture Policy"},"content":{"rendered":"<div data-elementor-type=\"wp-page\" data-elementor-id=\"1667\" class=\"elementor elementor-1667\" data-elementor-post-type=\"page\">\n\t\t\t\t\t\t<section class=\"elementor-section elementor-top-section elementor-element elementor-element-48e2568 elementor-section-boxed elementor-section-height-default elementor-section-height-default\" data-id=\"48e2568\" data-element_type=\"section\" data-settings=\"{&quot;background_background&quot;:&quot;classic&quot;}\">\n\t\t\t\t\t\t<div class=\"elementor-container elementor-column-gap-default\">\n\t\t\t\t\t<div class=\"elementor-column elementor-col-100 elementor-top-column elementor-element elementor-element-d4a2a54\" data-id=\"d4a2a54\" data-element_type=\"column\">\n\t\t\t<div class=\"elementor-widget-wrap elementor-element-populated\">\n\t\t\t\t\t\t\t<\/div>\n\t\t<\/div>\n\t\t\t\t\t<\/div>\n\t\t<\/section>\n\t\t\t\t<section class=\"elementor-section elementor-top-section elementor-element elementor-element-64ce683 elementor-section-boxed elementor-section-height-default elementor-section-height-default\" data-id=\"64ce683\" data-element_type=\"section\">\n\t\t\t\t\t\t<div class=\"elementor-container elementor-column-gap-default\">\n\t\t\t\t\t<div class=\"elementor-column elementor-col-100 elementor-top-column elementor-element elementor-element-705df22\" data-id=\"705df22\" data-element_type=\"column\" data-settings=\"{&quot;background_background&quot;:&quot;classic&quot;}\">\n\t\t\t<div class=\"elementor-widget-wrap elementor-element-populated\">\n\t\t\t\t\t\t<div class=\"elementor-element elementor-element-a339de4 elementor-widget elementor-widget-image\" data-id=\"a339de4\" data-element_type=\"widget\" data-widget_type=\"image.default\">\n\t\t\t\t<div class=\"elementor-widget-container\">\n\t\t\t\t\t\t\t\t\t\t\t\t\t\t\t<img decoding=\"async\" src=\"https:\/\/mortella.com\/wp-content\/uploads\/elementor\/thumbs\/Rectangle-175-q7yuh4nnd5ho9o5oeaomexirlfsuvacxtri0qslnq0.png\" title=\"Rectangle 175\" alt=\"Rectangle 175\" loading=\"lazy\" \/>\t\t\t\t\t\t\t\t\t\t\t\t\t\t\t<\/div>\n\t\t\t\t<\/div>\n\t\t\t\t<div class=\"elementor-element elementor-element-c530a10 elementor-widget elementor-widget-image\" data-id=\"c530a10\" data-element_type=\"widget\" data-widget_type=\"image.default\">\n\t\t\t\t<div class=\"elementor-widget-container\">\n\t\t\t\t\t\t\t\t\t\t\t\t\t\t\t<img decoding=\"async\" src=\"https:\/\/mortella.com\/wp-content\/uploads\/elementor\/thumbs\/Rectangle-176-q7yuh2ryzheu092zriowv7cqmk6qxxbmbyt9mr0epu.png\" title=\"Rectangle 176\" alt=\"Rectangle 176\" loading=\"lazy\" \/>\t\t\t\t\t\t\t\t\t\t\t\t\t\t\t<\/div>\n\t\t\t\t<\/div>\n\t\t\t\t<div class=\"elementor-element elementor-element-104b992 elementor-widget elementor-widget-text-editor\" data-id=\"104b992\" data-element_type=\"widget\" data-widget_type=\"text-editor.default\">\n\t\t\t\t<div class=\"elementor-widget-container\">\n\t\t\t\t\t\t\t\t\t<p>As AKDEN\u0130Z ENTEGRE GIDA SANAY\u0130 ANON\u0130M \u015e\u0130RKET\u0130, in the Processing of Poultry Meat, Salami Canned Products, Smoked Products and Ready Meal Products Design and Production;<\/p><ul><li>To produce products that comply with legal requirements and product safety rules with the principle of &#8220;Human Health First&#8221;,<\/li><li>To fulfill the requirements of our Integrated Management Systems and to ensure continuous improvement,<\/li><li>To be a reliable company by meeting the needs and expectations of the relevant parties (customers, suppliers, etc.),<\/li><li>To maximize customer satisfaction with our products and services,<\/li><li>To keep employee satisfaction, loyalty and motivation high with trainings that support the development of our employees,<\/li><li>To ensure that the works are carried out by adhering to the Food Safety Management System in hygienic conditions at every stage of production,<\/li><li>To be an exemplary organization that respects the society, nature and consumers we live in,<\/li><li>To comply with national and international standards and regulations in all processes from raw material acceptance to final product shipment,<\/li><li>To provide general requirements for Halal Food in raw material purchase, process, storage and shipment in the enterprise,<\/li><li>To ensure that our suppliers are evaluated and approved in terms of counterfeit adulteration and purchasing original raw materials,<br \/>Providing training to employees on Management System requirements,<\/li><li>To raise awareness of being directly accessible to the Senior Management and to provide the necessary resources in case of a situation contrary to human health, quality and product safety in our company,<\/li><li>To create a culture for the support of all personnel in teamwork to produce quality and safe products,<\/li><li>To ensure that the performances of the employees are evaluated and rewarded throughout the year,<\/li><li>It is fundamental to our organization.<br \/>GENERAL MANAGER<br \/>MEHMET KABAALI<\/li><\/ul>\t\t\t\t\t\t\t\t<\/div>\n\t\t\t\t<\/div>\n\t\t\t\t\t<\/div>\n\t\t<\/div>\n\t\t\t\t\t<\/div>\n\t\t<\/section>\n\t\t\t\t<\/div>","protected":false},"excerpt":{"rendered":"<p>As AKDEN\u0130Z ENTEGRE GIDA SANAY\u0130 ANON\u0130M \u015e\u0130RKET\u0130, in the Processing of Poultry Meat, Salami Canned Products, Smoked Products and Ready Meal Products Design and Production; To produce products that comply with legal requirements and product safety rules with the principle of &#8220;Human Health First&#8221;, To fulfill the requirements of our Integrated Management Systems and to [&hellip;]<\/p>","protected":false},"author":1,"featured_media":0,"parent":0,"menu_order":0,"comment_status":"closed","ping_status":"closed","template":"elementor_header_footer","meta":{"ocean_post_layout":"full-width","ocean_both_sidebars_style":"","ocean_both_sidebars_content_width":0,"ocean_both_sidebars_sidebars_width":0,"ocean_sidebar":"0","ocean_second_sidebar":"0","ocean_disable_margins":"on","ocean_add_body_class":"","ocean_shortcode_before_top_bar":"","ocean_shortcode_after_top_bar":"","ocean_shortcode_before_header":"","ocean_shortcode_after_header":"","ocean_has_shortcode":"","ocean_shortcode_after_title":"","ocean_shortcode_before_footer_widgets":"","ocean_shortcode_after_footer_widgets":"","ocean_shortcode_before_footer_bottom":"","ocean_shortcode_after_footer_bottom":"","ocean_display_top_bar":"off","ocean_display_header":"on","ocean_header_style":"","ocean_center_header_left_menu":"0","ocean_custom_header_template":"0","ocean_custom_logo":0,"ocean_custom_retina_logo":0,"ocean_custom_logo_max_width":0,"ocean_custom_logo_tablet_max_width":0,"ocean_custom_logo_mobile_max_width":0,"ocean_custom_logo_max_height":0,"ocean_custom_logo_tablet_max_height":0,"ocean_custom_logo_mobile_max_height":0,"ocean_header_custom_menu":"0","ocean_menu_typo_font_family":"0","ocean_menu_typo_font_subset":"","ocean_menu_typo_font_size":0,"ocean_menu_typo_font_size_tablet":0,"ocean_menu_typo_font_size_mobile":0,"ocean_menu_typo_font_size_unit":"px","ocean_menu_typo_font_weight":"","ocean_menu_typo_font_weight_tablet":"","ocean_menu_typo_font_weight_mobile":"","ocean_menu_typo_transform":"","ocean_menu_typo_transform_tablet":"","ocean_menu_typo_transform_mobile":"","ocean_menu_typo_line_height":0,"ocean_menu_typo_line_height_tablet":0,"ocean_menu_typo_line_height_mobile":0,"ocean_menu_typo_line_height_unit":"","ocean_menu_typo_spacing":0,"ocean_menu_typo_spacing_tablet":0,"ocean_menu_typo_spacing_mobile":0,"ocean_menu_typo_spacing_unit":"","ocean_menu_link_color":"","ocean_menu_link_color_hover":"","ocean_menu_link_color_active":"","ocean_menu_link_background":"","ocean_menu_link_hover_background":"","ocean_menu_link_active_background":"","ocean_menu_social_links_bg":"","ocean_menu_social_hover_links_bg":"","ocean_menu_social_links_color":"","ocean_menu_social_hover_links_color":"","ocean_disable_title":"on","ocean_disable_heading":"on","ocean_post_title":"","ocean_post_subheading":"","ocean_post_title_style":"","ocean_post_title_background_color":"","ocean_post_title_background":0,"ocean_post_title_bg_image_position":"","ocean_post_title_bg_image_attachment":"","ocean_post_title_bg_image_repeat":"","ocean_post_title_bg_image_size":"","ocean_post_title_height":0,"ocean_post_title_bg_overlay":0.5,"ocean_post_title_bg_overlay_color":"","ocean_disable_breadcrumbs":"off","ocean_breadcrumbs_color":"","ocean_breadcrumbs_separator_color":"","ocean_breadcrumbs_links_color":"","ocean_breadcrumbs_links_hover_color":"","ocean_display_footer_widgets":"off","ocean_display_footer_bottom":"off","ocean_custom_footer_template":"0","footnotes":""},"class_list":["post-1667","page","type-page","status-publish","hentry","entry","owp-thumbs-layout-horizontal","owp-btn-normal","owp-tabs-layout-horizontal","has-no-thumbnails","has-product-nav"],"_links":{"self":[{"href":"https:\/\/mortella.com\/tr\/wp-json\/wp\/v2\/pages\/1667","targetHints":{"allow":["GET"]}}],"collection":[{"href":"https:\/\/mortella.com\/tr\/wp-json\/wp\/v2\/pages"}],"about":[{"href":"https:\/\/mortella.com\/tr\/wp-json\/wp\/v2\/types\/page"}],"author":[{"embeddable":true,"href":"https:\/\/mortella.com\/tr\/wp-json\/wp\/v2\/users\/1"}],"replies":[{"embeddable":true,"href":"https:\/\/mortella.com\/tr\/wp-json\/wp\/v2\/comments?post=1667"}],"version-history":[{"count":28,"href":"https:\/\/mortella.com\/tr\/wp-json\/wp\/v2\/pages\/1667\/revisions"}],"predecessor-version":[{"id":2554,"href":"https:\/\/mortella.com\/tr\/wp-json\/wp\/v2\/pages\/1667\/revisions\/2554"}],"wp:attachment":[{"href":"https:\/\/mortella.com\/tr\/wp-json\/wp\/v2\/media?parent=1667"}],"curies":[{"name":"wp","href":"https:\/\/api.w.org\/{rel}","templated":true}]}}