{"id":1684,"date":"2023-07-19T21:24:49","date_gmt":"2023-07-19T21:24:49","guid":{"rendered":"https:\/\/mortella.com\/tr\/?page_id=1684"},"modified":"2024-01-10T10:03:01","modified_gmt":"2024-01-10T10:03:01","slug":"human-resources-policy","status":"publish","type":"page","link":"https:\/\/mortella.com\/ar\/human-resources-policy\/","title":{"rendered":"\u0633\u064a\u0627\u0633\u0629 \u0627\u0644\u0645\u0648\u0627\u0631\u062f \u0627\u0644\u0628\u0634\u0631\u064a\u0629"},"content":{"rendered":"<div data-elementor-type=\"wp-page\" data-elementor-id=\"1684\" class=\"elementor elementor-1684\" data-elementor-post-type=\"page\">\n\t\t\t\t\t\t<section class=\"elementor-section elementor-top-section elementor-element elementor-element-48e2568 elementor-section-boxed elementor-section-height-default elementor-section-height-default\" data-id=\"48e2568\" data-element_type=\"section\" data-settings=\"{&quot;background_background&quot;:&quot;classic&quot;}\">\n\t\t\t\t\t\t<div class=\"elementor-container elementor-column-gap-default\">\n\t\t\t\t\t<div class=\"elementor-column elementor-col-100 elementor-top-column elementor-element elementor-element-d4a2a54\" data-id=\"d4a2a54\" data-element_type=\"column\">\n\t\t\t<div class=\"elementor-widget-wrap elementor-element-populated\">\n\t\t\t\t\t\t\t<\/div>\n\t\t<\/div>\n\t\t\t\t\t<\/div>\n\t\t<\/section>\n\t\t\t\t<section class=\"elementor-section elementor-top-section elementor-element elementor-element-64ce683 elementor-section-boxed elementor-section-height-default elementor-section-height-default\" data-id=\"64ce683\" data-element_type=\"section\">\n\t\t\t\t\t\t<div class=\"elementor-container elementor-column-gap-default\">\n\t\t\t\t\t<div class=\"elementor-column elementor-col-100 elementor-top-column elementor-element elementor-element-705df22\" data-id=\"705df22\" data-element_type=\"column\" data-settings=\"{&quot;background_background&quot;:&quot;classic&quot;}\">\n\t\t\t<div class=\"elementor-widget-wrap elementor-element-populated\">\n\t\t\t\t\t\t<div class=\"elementor-element elementor-element-99158d7 elementor-widget elementor-widget-image\" data-id=\"99158d7\" data-element_type=\"widget\" data-widget_type=\"image.default\">\n\t\t\t\t<div class=\"elementor-widget-container\">\n\t\t\t\t\t\t\t\t\t\t\t\t\t\t\t<img decoding=\"async\" src=\"https:\/\/mortella.com\/wp-content\/uploads\/elementor\/thumbs\/Rectangle-175-q7yuh4nnd5ho9o5oeaomexirlfsuvacxtri0qslnq0.png\" title=\"Rectangle 175\" alt=\"Rectangle 175\" loading=\"lazy\" \/>\t\t\t\t\t\t\t\t\t\t\t\t\t\t\t<\/div>\n\t\t\t\t<\/div>\n\t\t\t\t<div class=\"elementor-element elementor-element-ba4e2af elementor-widget elementor-widget-image\" data-id=\"ba4e2af\" data-element_type=\"widget\" data-widget_type=\"image.default\">\n\t\t\t\t<div class=\"elementor-widget-container\">\n\t\t\t\t\t\t\t\t\t\t\t\t\t\t\t<img decoding=\"async\" src=\"https:\/\/mortella.com\/wp-content\/uploads\/elementor\/thumbs\/Rectangle-176-q7yuh2ryzheu092zriowv7cqmk6qxxbmbyt9mr0epu.png\" title=\"Rectangle 176\" alt=\"Rectangle 176\" loading=\"lazy\" \/>\t\t\t\t\t\t\t\t\t\t\t\t\t\t\t<\/div>\n\t\t\t\t<\/div>\n\t\t\t\t<div class=\"elementor-element elementor-element-104b992 elementor-widget elementor-widget-text-editor\" data-id=\"104b992\" data-element_type=\"widget\" data-widget_type=\"text-editor.default\">\n\t\t\t\t<div class=\"elementor-widget-container\">\n\t\t\t\t\t\t\t\t\t<p>As AKDEN\u0130Z ENTEGRE GIDA SANAY\u0130 ANON\u0130M \u015e\u0130RKET\u0130, in the Processing of Poultry Meat, Salami Canned Products, Smoked Products and Ready Meal Products Design and Production;<\/p><ul><li>To respect and protect the rights of our employees with laws and regulations,<\/li><li>To provide the necessary working environment and ergonomic comfort to the working personnel within the framework of Occupational Health and Safety,<\/li><li>To keep the right person for the right job, the right business approach for the right person alive at all levels,<\/li><li>To involve our employees in our processes with a transparent, equal and participatory management approach,<br \/>of the personnel; To adopt acting respectfully to the company&#8217;s reputation, tangible and intangible assets as a basic behavior,<\/li><li>To provide a democratic working environment where the opinions of the employees are taken and to take into account the opinions and suggestions of the employees at all levels,<\/li><li>To determine the training needed for the development of the ability, entrepreneurship, success and effort of the personnel to do business, and to ensure that they are taken,<\/li><li>To provide a sustainable workforce in the long term,<br \/>To ensure the protection of customer rights and company interests,<\/li><li>To analyze the prices sent by the suppliers of all purchasing processes within the enterprise and to evaluate them objectively,<\/li><li>It is fundamental to our organization.<\/li><\/ul><p>\u00a0<\/p><p>GENERAL MANAGER<br \/>MEHMET KABAALI<\/p>\t\t\t\t\t\t\t\t<\/div>\n\t\t\t\t<\/div>\n\t\t\t\t\t<\/div>\n\t\t<\/div>\n\t\t\t\t\t<\/div>\n\t\t<\/section>\n\t\t\t\t<\/div>","protected":false},"excerpt":{"rendered":"<p>As AKDEN\u0130Z ENTEGRE GIDA SANAY\u0130 ANON\u0130M \u015e\u0130RKET\u0130, in the Processing of Poultry Meat, Salami Canned Products, Smoked Products and Ready Meal Products Design and Production; To respect and protect the rights of our employees with laws and regulations, To provide the necessary working environment and ergonomic comfort to the working personnel within the framework of [&hellip;]<\/p>","protected":false},"author":1,"featured_media":0,"parent":0,"menu_order":0,"comment_status":"closed","ping_status":"closed","template":"elementor_header_footer","meta":{"ocean_post_layout":"full-width","ocean_both_sidebars_style":"","ocean_both_sidebars_content_width":0,"ocean_both_sidebars_sidebars_width":0,"ocean_sidebar":"0","ocean_second_sidebar":"0","ocean_disable_margins":"on","ocean_add_body_class":"","ocean_shortcode_before_top_bar":"","ocean_shortcode_after_top_bar":"","ocean_shortcode_before_header":"","ocean_shortcode_after_header":"","ocean_has_shortcode":"","ocean_shortcode_after_title":"","ocean_shortcode_before_footer_widgets":"","ocean_shortcode_after_footer_widgets":"","ocean_shortcode_before_footer_bottom":"","ocean_shortcode_after_footer_bottom":"","ocean_display_top_bar":"off","ocean_display_header":"on","ocean_header_style":"","ocean_center_header_left_menu":"0","ocean_custom_header_template":"0","ocean_custom_logo":0,"ocean_custom_retina_logo":0,"ocean_custom_logo_max_width":0,"ocean_custom_logo_tablet_max_width":0,"ocean_custom_logo_mobile_max_width":0,"ocean_custom_logo_max_height":0,"ocean_custom_logo_tablet_max_height":0,"ocean_custom_logo_mobile_max_height":0,"ocean_header_custom_menu":"0","ocean_menu_typo_font_family":"0","ocean_menu_typo_font_subset":"","ocean_menu_typo_font_size":0,"ocean_menu_typo_font_size_tablet":0,"ocean_menu_typo_font_size_mobile":0,"ocean_menu_typo_font_size_unit":"px","ocean_menu_typo_font_weight":"","ocean_menu_typo_font_weight_tablet":"","ocean_menu_typo_font_weight_mobile":"","ocean_menu_typo_transform":"","ocean_menu_typo_transform_tablet":"","ocean_menu_typo_transform_mobile":"","ocean_menu_typo_line_height":0,"ocean_menu_typo_line_height_tablet":0,"ocean_menu_typo_line_height_mobile":0,"ocean_menu_typo_line_height_unit":"","ocean_menu_typo_spacing":0,"ocean_menu_typo_spacing_tablet":0,"ocean_menu_typo_spacing_mobile":0,"ocean_menu_typo_spacing_unit":"","ocean_menu_link_color":"","ocean_menu_link_color_hover":"","ocean_menu_link_color_active":"","ocean_menu_link_background":"","ocean_menu_link_hover_background":"","ocean_menu_link_active_background":"","ocean_menu_social_links_bg":"","ocean_menu_social_hover_links_bg":"","ocean_menu_social_links_color":"","ocean_menu_social_hover_links_color":"","ocean_disable_title":"on","ocean_disable_heading":"on","ocean_post_title":"","ocean_post_subheading":"","ocean_post_title_style":"","ocean_post_title_background_color":"","ocean_post_title_background":0,"ocean_post_title_bg_image_position":"","ocean_post_title_bg_image_attachment":"","ocean_post_title_bg_image_repeat":"","ocean_post_title_bg_image_size":"","ocean_post_title_height":0,"ocean_post_title_bg_overlay":0.5,"ocean_post_title_bg_overlay_color":"","ocean_disable_breadcrumbs":"off","ocean_breadcrumbs_color":"","ocean_breadcrumbs_separator_color":"","ocean_breadcrumbs_links_color":"","ocean_breadcrumbs_links_hover_color":"","ocean_display_footer_widgets":"off","ocean_display_footer_bottom":"off","ocean_custom_footer_template":"0","footnotes":""},"class_list":["post-1684","page","type-page","status-publish","hentry","entry","owp-thumbs-layout-horizontal","owp-btn-normal","owp-tabs-layout-horizontal","has-no-thumbnails","has-product-nav"],"_links":{"self":[{"href":"https:\/\/mortella.com\/ar\/wp-json\/wp\/v2\/pages\/1684","targetHints":{"allow":["GET"]}}],"collection":[{"href":"https:\/\/mortella.com\/ar\/wp-json\/wp\/v2\/pages"}],"about":[{"href":"https:\/\/mortella.com\/ar\/wp-json\/wp\/v2\/types\/page"}],"author":[{"embeddable":true,"href":"https:\/\/mortella.com\/ar\/wp-json\/wp\/v2\/users\/1"}],"replies":[{"embeddable":true,"href":"https:\/\/mortella.com\/ar\/wp-json\/wp\/v2\/comments?post=1684"}],"version-history":[{"count":20,"href":"https:\/\/mortella.com\/ar\/wp-json\/wp\/v2\/pages\/1684\/revisions"}],"predecessor-version":[{"id":2530,"href":"https:\/\/mortella.com\/ar\/wp-json\/wp\/v2\/pages\/1684\/revisions\/2530"}],"wp:attachment":[{"href":"https:\/\/mortella.com\/ar\/wp-json\/wp\/v2\/media?parent=1684"}],"curies":[{"name":"wp","href":"https:\/\/api.w.org\/{rel}","templated":true}]}}