{"id":1179,"date":"2023-06-28T17:55:44","date_gmt":"2023-06-28T17:55:44","guid":{"rendered":"https:\/\/mortella.com\/tr\/?page_id=1179"},"modified":"2023-11-07T17:40:12","modified_gmt":"2023-11-07T17:40:12","slug":"our-news","status":"publish","type":"page","link":"https:\/\/mortella.com\/ar\/our-news\/","title":{"rendered":"\u0623\u062e\u0628\u0627\u0631 \u0645\u0646\u0627"},"content":{"rendered":"<div data-elementor-type=\"wp-page\" data-elementor-id=\"1179\" class=\"elementor elementor-1179\" data-elementor-post-type=\"page\">\n\t\t\t\t\t\t<section class=\"elementor-section elementor-top-section elementor-element elementor-element-f26add8 elementor-section-boxed elementor-section-height-default elementor-section-height-default\" data-id=\"f26add8\" data-element_type=\"section\" data-settings=\"{&quot;background_background&quot;:&quot;classic&quot;}\">\n\t\t\t\t\t\t<div class=\"elementor-container elementor-column-gap-default\">\n\t\t\t\t\t<div class=\"elementor-column elementor-col-100 elementor-top-column elementor-element elementor-element-e7007c6\" data-id=\"e7007c6\" data-element_type=\"column\">\n\t\t\t<div class=\"elementor-widget-wrap elementor-element-populated\">\n\t\t\t\t\t\t<div class=\"elementor-element elementor-element-bc4e2b5 stylish-font elementor-widget elementor-widget-heading\" data-id=\"bc4e2b5\" data-element_type=\"widget\" data-widget_type=\"heading.default\">\n\t\t\t\t<div class=\"elementor-widget-container\">\n\t\t\t\t\t<h2 class=\"elementor-heading-title elementor-size-default\">\u0623\u062e\u0628\u0627\u0631 \u0645\u0646\u0627<\/h2>\t\t\t\t<\/div>\n\t\t\t\t<\/div>\n\t\t\t\t\t<\/div>\n\t\t<\/div>\n\t\t\t\t\t<\/div>\n\t\t<\/section>\n\t\t\t\t<section class=\"elementor-section elementor-top-section elementor-element elementor-element-886563b elementor-section-boxed elementor-section-height-default elementor-section-height-default\" data-id=\"886563b\" data-element_type=\"section\">\n\t\t\t\t\t\t<div class=\"elementor-container elementor-column-gap-default\">\n\t\t\t\t\t<div class=\"elementor-column elementor-col-100 elementor-top-column elementor-element elementor-element-fb7607e\" data-id=\"fb7607e\" data-element_type=\"column\">\n\t\t\t<div class=\"elementor-widget-wrap elementor-element-populated\">\n\t\t\t\t\t\t<div class=\"elementor-element elementor-element-e7f854a elementor-grid-3 elementor-grid-tablet-2 elementor-grid-mobile-1 elementor-posts--thumbnail-top elementor-card-shadow-yes elementor-posts__hover-gradient elementor-widget elementor-widget-posts\" data-id=\"e7f854a\" data-element_type=\"widget\" data-settings=\"{&quot;cards_columns&quot;:&quot;3&quot;,&quot;cards_columns_tablet&quot;:&quot;2&quot;,&quot;cards_columns_mobile&quot;:&quot;1&quot;,&quot;cards_row_gap&quot;:{&quot;unit&quot;:&quot;px&quot;,&quot;size&quot;:35,&quot;sizes&quot;:[]},&quot;cards_row_gap_tablet&quot;:{&quot;unit&quot;:&quot;px&quot;,&quot;size&quot;:&quot;&quot;,&quot;sizes&quot;:[]},&quot;cards_row_gap_mobile&quot;:{&quot;unit&quot;:&quot;px&quot;,&quot;size&quot;:&quot;&quot;,&quot;sizes&quot;:[]}}\" data-widget_type=\"posts.cards\">\n\t\t\t\t<div class=\"elementor-widget-container\">\n\t\t\t\t\t\t\t<div class=\"elementor-posts-container elementor-posts elementor-posts--skin-cards elementor-grid\" role=\"list\">\n\t\t\t\t<article class=\"elementor-post elementor-grid-item post-1942 post type-post status-publish format-standard has-post-thumbnail hentry category-blog entry has-media owp-thumbs-layout-horizontal owp-btn-normal owp-tabs-layout-horizontal has-no-thumbnails has-product-nav\" role=\"listitem\">\n\t\t\t<div class=\"elementor-post__card\">\n\t\t\t\t<a class=\"elementor-post__thumbnail__link\" href=\"https:\/\/mortella.com\/ar\/viii-international-gastromasa-gastronomy-conference\/\" tabindex=\"-1\" ><div class=\"elementor-post__thumbnail\"><img decoding=\"async\" width=\"300\" height=\"110\" src=\"https:\/\/mortella.com\/wp-content\/uploads\/2023\/10\/img2-300x110.png\" class=\"attachment-medium size-medium wp-image-1943\" alt=\"\" srcset=\"https:\/\/mortella.com\/wp-content\/uploads\/2023\/10\/img2-300x110.png 300w, https:\/\/mortella.com\/wp-content\/uploads\/2023\/10\/img2-18x7.png 18w, https:\/\/mortella.com\/wp-content\/uploads\/2023\/10\/img2-600x219.png 600w, https:\/\/mortella.com\/wp-content\/uploads\/2023\/10\/img2.png 652w\" sizes=\"(max-width: 300px) 100vw, 300px\" \/><\/div><\/a>\n\t\t\t\t<div class=\"elementor-post__badge\">Blog<\/div>\n\t\t\t\t<div class=\"elementor-post__text\">\n\t\t\t\t<h3 class=\"elementor-post__title\">\n\t\t\t<a href=\"https:\/\/mortella.com\/ar\/viii-international-gastromasa-gastronomy-conference\/\" >\n\t\t\t\tVIII. INTERNATIONAL Gastromasa Gastronomy Conference\t\t\t<\/a>\n\t\t<\/h3>\n\t\t\t\t<div class=\"elementor-post__excerpt\">\n\t\t\t<p>T\u00fcrkiye ile d\u00fcnya gastronomisi aras\u0131nda k\u00f6pr\u00fc g\u00f6revini s\u00fcrd\u00fcren ve d\u00fcnya gastronomi etkinlikleri i\u00e7erisinde ilk iki s\u0131rada yer alan, bu y\u0131l_8. kez_ d\u00fczenleyecegimiz_Uluslararas\u0131 Gastromasa Gastronomi Konferans\u0131,<\/p>\n\t\t<\/div>\n\t\t\n\t\t<a class=\"elementor-post__read-more\" href=\"https:\/\/mortella.com\/ar\/viii-international-gastromasa-gastronomy-conference\/\" aria-label=\"Read more about VIII. INTERNATIONAL Gastromasa Gastronomy Conference\" tabindex=\"-1\" >\n\t\t\tRead More \u00bb\t\t<\/a>\n\n\t\t\t\t<\/div>\n\t\t\t\t<div class=\"elementor-post__meta-data\">\n\t\t\t\t\t<span class=\"elementor-post-date\">\n\t\t\t\u0623\u0643\u062a\u0648\u0628\u0631 27, 2023\t\t<\/span>\n\t\t\t\t<span class=\"elementor-post-avatar\">\n\t\t\t\u0644\u0627 \u062a\u0648\u062c\u062f \u062a\u0639\u0644\u064a\u0642\u0627\u062a\t\t<\/span>\n\t\t\t\t<\/div>\n\t\t\t\t\t<\/div>\n\t\t<\/article>\n\t\t\t\t<article class=\"elementor-post elementor-grid-item post-1813 post type-post status-publish format-standard has-post-thumbnail hentry category-blog entry has-media owp-thumbs-layout-horizontal owp-btn-normal owp-tabs-layout-horizontal has-no-thumbnails has-product-nav\" role=\"listitem\">\n\t\t\t<div class=\"elementor-post__card\">\n\t\t\t\t<a class=\"elementor-post__thumbnail__link\" href=\"https:\/\/mortella.com\/ar\/world-food-2022\/\" tabindex=\"-1\" ><div class=\"elementor-post__thumbnail\"><img fetchpriority=\"high\" decoding=\"async\" width=\"300\" height=\"169\" src=\"https:\/\/mortella.com\/wp-content\/uploads\/2023\/10\/271981127_633566827978487_1987102204679435444_n-300x169.jpg\" class=\"attachment-medium size-medium wp-image-1829\" alt=\"\" srcset=\"https:\/\/mortella.com\/wp-content\/uploads\/2023\/10\/271981127_633566827978487_1987102204679435444_n-300x169.jpg 300w, https:\/\/mortella.com\/wp-content\/uploads\/2023\/10\/271981127_633566827978487_1987102204679435444_n-1024x576.jpg 1024w, https:\/\/mortella.com\/wp-content\/uploads\/2023\/10\/271981127_633566827978487_1987102204679435444_n-768x432.jpg 768w, https:\/\/mortella.com\/wp-content\/uploads\/2023\/10\/271981127_633566827978487_1987102204679435444_n-1536x864.jpg 1536w, https:\/\/mortella.com\/wp-content\/uploads\/2023\/10\/271981127_633566827978487_1987102204679435444_n-18x10.jpg 18w, https:\/\/mortella.com\/wp-content\/uploads\/2023\/10\/271981127_633566827978487_1987102204679435444_n-800x450.jpg 800w, https:\/\/mortella.com\/wp-content\/uploads\/2023\/10\/271981127_633566827978487_1987102204679435444_n-600x338.jpg 600w, https:\/\/mortella.com\/wp-content\/uploads\/2023\/10\/271981127_633566827978487_1987102204679435444_n.jpg 1600w\" sizes=\"(max-width: 300px) 100vw, 300px\" \/><\/div><\/a>\n\t\t\t\t<div class=\"elementor-post__badge\">Blog<\/div>\n\t\t\t\t<div class=\"elementor-post__text\">\n\t\t\t\t<h3 class=\"elementor-post__title\">\n\t\t\t<a href=\"https:\/\/mortella.com\/ar\/world-food-2022\/\" >\n\t\t\t\tWORLD FOOD 2022\t\t\t<\/a>\n\t\t<\/h3>\n\t\t\t\t<div class=\"elementor-post__excerpt\">\n\t\t\t<p>We participated in the World Food Istanbul fair, which brings together the important companies of the food industry from all over the world; between 01-04<\/p>\n\t\t<\/div>\n\t\t\n\t\t<a class=\"elementor-post__read-more\" href=\"https:\/\/mortella.com\/ar\/world-food-2022\/\" aria-label=\"Read more about WORLD FOOD 2022\" tabindex=\"-1\" >\n\t\t\tRead More \u00bb\t\t<\/a>\n\n\t\t\t\t<\/div>\n\t\t\t\t<div class=\"elementor-post__meta-data\">\n\t\t\t\t\t<span class=\"elementor-post-date\">\n\t\t\t\u0623\u0643\u062a\u0648\u0628\u0631 4, 2023\t\t<\/span>\n\t\t\t\t<span class=\"elementor-post-avatar\">\n\t\t\t\u0644\u0627 \u062a\u0648\u062c\u062f \u062a\u0639\u0644\u064a\u0642\u0627\u062a\t\t<\/span>\n\t\t\t\t<\/div>\n\t\t\t\t\t<\/div>\n\t\t<\/article>\n\t\t\t\t<article class=\"elementor-post elementor-grid-item post-1812 post type-post status-publish format-standard has-post-thumbnail hentry category-blog entry has-media owp-thumbs-layout-horizontal owp-btn-normal owp-tabs-layout-horizontal has-no-thumbnails has-product-nav\" role=\"listitem\">\n\t\t\t<div class=\"elementor-post__card\">\n\t\t\t\t<a class=\"elementor-post__thumbnail__link\" href=\"https:\/\/mortella.com\/ar\/gulfood-2022\/\" tabindex=\"-1\" ><div class=\"elementor-post__thumbnail\"><img decoding=\"async\" width=\"241\" height=\"300\" src=\"https:\/\/mortella.com\/wp-content\/uploads\/2023\/10\/273785262_650332579635245_9145411558865610847_n-241x300.jpg\" class=\"attachment-medium size-medium wp-image-1830\" alt=\"\" srcset=\"https:\/\/mortella.com\/wp-content\/uploads\/2023\/10\/273785262_650332579635245_9145411558865610847_n-241x300.jpg 241w, https:\/\/mortella.com\/wp-content\/uploads\/2023\/10\/273785262_650332579635245_9145411558865610847_n-822x1024.jpg 822w, https:\/\/mortella.com\/wp-content\/uploads\/2023\/10\/273785262_650332579635245_9145411558865610847_n-768x957.jpg 768w, https:\/\/mortella.com\/wp-content\/uploads\/2023\/10\/273785262_650332579635245_9145411558865610847_n-1233x1536.jpg 1233w, https:\/\/mortella.com\/wp-content\/uploads\/2023\/10\/273785262_650332579635245_9145411558865610847_n-10x12.jpg 10w, https:\/\/mortella.com\/wp-content\/uploads\/2023\/10\/273785262_650332579635245_9145411558865610847_n-600x748.jpg 600w, https:\/\/mortella.com\/wp-content\/uploads\/2023\/10\/273785262_650332579635245_9145411558865610847_n.jpg 1440w\" sizes=\"(max-width: 241px) 100vw, 241px\" \/><\/div><\/a>\n\t\t\t\t<div class=\"elementor-post__badge\">Blog<\/div>\n\t\t\t\t<div class=\"elementor-post__text\">\n\t\t\t\t<h3 class=\"elementor-post__title\">\n\t\t\t<a href=\"https:\/\/mortella.com\/ar\/gulfood-2022\/\" >\n\t\t\t\tGULFOOD 2022\t\t\t<\/a>\n\t\t<\/h3>\n\t\t\t\t<div class=\"elementor-post__excerpt\">\n\t\t\t<p>With the cheer of leaving the pandemic back, we had very successful event days on\u00a0 February 13-17, 2022, at Gulfood International Food Exhibition. We are<\/p>\n\t\t<\/div>\n\t\t\n\t\t<a class=\"elementor-post__read-more\" href=\"https:\/\/mortella.com\/ar\/gulfood-2022\/\" aria-label=\"Read more about GULFOOD 2022\" tabindex=\"-1\" >\n\t\t\tRead More \u00bb\t\t<\/a>\n\n\t\t\t\t<\/div>\n\t\t\t\t<div class=\"elementor-post__meta-data\">\n\t\t\t\t\t<span class=\"elementor-post-date\">\n\t\t\t\u0623\u0643\u062a\u0648\u0628\u0631 4, 2023\t\t<\/span>\n\t\t\t\t<span class=\"elementor-post-avatar\">\n\t\t\t\u0644\u0627 \u062a\u0648\u062c\u062f \u062a\u0639\u0644\u064a\u0642\u0627\u062a\t\t<\/span>\n\t\t\t\t<\/div>\n\t\t\t\t\t<\/div>\n\t\t<\/article>\n\t\t\t\t<article class=\"elementor-post elementor-grid-item post-1810 post type-post status-publish format-standard has-post-thumbnail hentry category-blog entry has-media owp-thumbs-layout-horizontal owp-btn-normal owp-tabs-layout-horizontal has-no-thumbnails has-product-nav\" role=\"listitem\">\n\t\t\t<div class=\"elementor-post__card\">\n\t\t\t\t<a class=\"elementor-post__thumbnail__link\" href=\"https:\/\/mortella.com\/ar\/anfas-2022\/\" tabindex=\"-1\" ><div class=\"elementor-post__thumbnail\"><img loading=\"lazy\" decoding=\"async\" width=\"300\" height=\"188\" src=\"https:\/\/mortella.com\/wp-content\/uploads\/2023\/10\/271826998_630041534997683_6295984032052359076_n-300x188.jpg\" class=\"attachment-medium size-medium wp-image-1861\" alt=\"\" srcset=\"https:\/\/mortella.com\/wp-content\/uploads\/2023\/10\/271826998_630041534997683_6295984032052359076_n-300x188.jpg 300w, https:\/\/mortella.com\/wp-content\/uploads\/2023\/10\/271826998_630041534997683_6295984032052359076_n-1024x640.jpg 1024w, https:\/\/mortella.com\/wp-content\/uploads\/2023\/10\/271826998_630041534997683_6295984032052359076_n-768x480.jpg 768w, https:\/\/mortella.com\/wp-content\/uploads\/2023\/10\/271826998_630041534997683_6295984032052359076_n-1536x960.jpg 1536w, https:\/\/mortella.com\/wp-content\/uploads\/2023\/10\/271826998_630041534997683_6295984032052359076_n-18x12.jpg 18w, https:\/\/mortella.com\/wp-content\/uploads\/2023\/10\/271826998_630041534997683_6295984032052359076_n-600x375.jpg 600w, https:\/\/mortella.com\/wp-content\/uploads\/2023\/10\/271826998_630041534997683_6295984032052359076_n.jpg 1769w\" sizes=\"(max-width: 300px) 100vw, 300px\" \/><\/div><\/a>\n\t\t\t\t<div class=\"elementor-post__badge\">Blog<\/div>\n\t\t\t\t<div class=\"elementor-post__text\">\n\t\t\t\t<h3 class=\"elementor-post__title\">\n\t\t\t<a href=\"https:\/\/mortella.com\/ar\/anfas-2022\/\" >\n\t\t\t\tAnfa\u015f 2022\t\t\t<\/a>\n\t\t<\/h3>\n\t\t\t\t<div class=\"elementor-post__excerpt\">\n\t\t\t<p>We participated in the 28th International Food and Beverage Specialization Fair held in Anfa\u015f Fair and Congress Center Antalya on 18-21 January 2022 for the<\/p>\n\t\t<\/div>\n\t\t\n\t\t<a class=\"elementor-post__read-more\" href=\"https:\/\/mortella.com\/ar\/anfas-2022\/\" aria-label=\"Read more about Anfa\u015f 2022\" tabindex=\"-1\" >\n\t\t\tRead More \u00bb\t\t<\/a>\n\n\t\t\t\t<\/div>\n\t\t\t\t<div class=\"elementor-post__meta-data\">\n\t\t\t\t\t<span class=\"elementor-post-date\">\n\t\t\t\u0623\u0643\u062a\u0648\u0628\u0631 4, 2023\t\t<\/span>\n\t\t\t\t<span class=\"elementor-post-avatar\">\n\t\t\t\u0644\u0627 \u062a\u0648\u062c\u062f \u062a\u0639\u0644\u064a\u0642\u0627\u062a\t\t<\/span>\n\t\t\t\t<\/div>\n\t\t\t\t\t<\/div>\n\t\t<\/article>\n\t\t\t\t<\/div>\n\t\t\n\t\t\t\t\t\t<\/div>\n\t\t\t\t<\/div>\n\t\t\t\t\t<\/div>\n\t\t<\/div>\n\t\t\t\t\t<\/div>\n\t\t<\/section>\n\t\t\t\t<\/div>","protected":false},"excerpt":{"rendered":"<p>\u0623\u062e\u0628\u0627\u0631 \u0645\u0646\u0627<\/p>","protected":false},"author":1,"featured_media":0,"parent":0,"menu_order":0,"comment_status":"closed","ping_status":"closed","template":"elementor_header_footer","meta":{"ocean_post_layout":"full-width","ocean_both_sidebars_style":"","ocean_both_sidebars_content_width":0,"ocean_both_sidebars_sidebars_width":0,"ocean_sidebar":"0","ocean_second_sidebar":"0","ocean_disable_margins":"on","ocean_add_body_class":"","ocean_shortcode_before_top_bar":"","ocean_shortcode_after_top_bar":"","ocean_shortcode_before_header":"","ocean_shortcode_after_header":"","ocean_has_shortcode":"","ocean_shortcode_after_title":"","ocean_shortcode_before_footer_widgets":"","ocean_shortcode_after_footer_widgets":"","ocean_shortcode_before_footer_bottom":"","ocean_shortcode_after_footer_bottom":"","ocean_display_top_bar":"off","ocean_display_header":"on","ocean_header_style":"","ocean_center_header_left_menu":"0","ocean_custom_header_template":"0","ocean_custom_logo":0,"ocean_custom_retina_logo":0,"ocean_custom_logo_max_width":0,"ocean_custom_logo_tablet_max_width":0,"ocean_custom_logo_mobile_max_width":0,"ocean_custom_logo_max_height":0,"ocean_custom_logo_tablet_max_height":0,"ocean_custom_logo_mobile_max_height":0,"ocean_header_custom_menu":"0","ocean_menu_typo_font_family":"0","ocean_menu_typo_font_subset":"","ocean_menu_typo_font_size":0,"ocean_menu_typo_font_size_tablet":0,"ocean_menu_typo_font_size_mobile":0,"ocean_menu_typo_font_size_unit":"px","ocean_menu_typo_font_weight":"","ocean_menu_typo_font_weight_tablet":"","ocean_menu_typo_font_weight_mobile":"","ocean_menu_typo_transform":"","ocean_menu_typo_transform_tablet":"","ocean_menu_typo_transform_mobile":"","ocean_menu_typo_line_height":0,"ocean_menu_typo_line_height_tablet":0,"ocean_menu_typo_line_height_mobile":0,"ocean_menu_typo_line_height_unit":"","ocean_menu_typo_spacing":0,"ocean_menu_typo_spacing_tablet":0,"ocean_menu_typo_spacing_mobile":0,"ocean_menu_typo_spacing_unit":"","ocean_menu_link_color":"","ocean_menu_link_color_hover":"","ocean_menu_link_color_active":"","ocean_menu_link_background":"","ocean_menu_link_hover_background":"","ocean_menu_link_active_background":"","ocean_menu_social_links_bg":"","ocean_menu_social_hover_links_bg":"","ocean_menu_social_links_color":"","ocean_menu_social_hover_links_color":"","ocean_disable_title":"on","ocean_disable_heading":"on","ocean_post_title":"","ocean_post_subheading":"","ocean_post_title_style":"","ocean_post_title_background_color":"","ocean_post_title_background":0,"ocean_post_title_bg_image_position":"","ocean_post_title_bg_image_attachment":"","ocean_post_title_bg_image_repeat":"","ocean_post_title_bg_image_size":"","ocean_post_title_height":0,"ocean_post_title_bg_overlay":0.5,"ocean_post_title_bg_overlay_color":"","ocean_disable_breadcrumbs":"off","ocean_breadcrumbs_color":"","ocean_breadcrumbs_separator_color":"","ocean_breadcrumbs_links_color":"","ocean_breadcrumbs_links_hover_color":"","ocean_display_footer_widgets":"off","ocean_display_footer_bottom":"off","ocean_custom_footer_template":"0","footnotes":""},"class_list":["post-1179","page","type-page","status-publish","hentry","entry","has-media","owp-thumbs-layout-horizontal","owp-btn-normal","owp-tabs-layout-horizontal","has-no-thumbnails","has-product-nav"],"_links":{"self":[{"href":"https:\/\/mortella.com\/ar\/wp-json\/wp\/v2\/pages\/1179","targetHints":{"allow":["GET"]}}],"collection":[{"href":"https:\/\/mortella.com\/ar\/wp-json\/wp\/v2\/pages"}],"about":[{"href":"https:\/\/mortella.com\/ar\/wp-json\/wp\/v2\/types\/page"}],"author":[{"embeddable":true,"href":"https:\/\/mortella.com\/ar\/wp-json\/wp\/v2\/users\/1"}],"replies":[{"embeddable":true,"href":"https:\/\/mortella.com\/ar\/wp-json\/wp\/v2\/comments?post=1179"}],"version-history":[{"count":43,"href":"https:\/\/mortella.com\/ar\/wp-json\/wp\/v2\/pages\/1179\/revisions"}],"predecessor-version":[{"id":2327,"href":"https:\/\/mortella.com\/ar\/wp-json\/wp\/v2\/pages\/1179\/revisions\/2327"}],"wp:attachment":[{"href":"https:\/\/mortella.com\/ar\/wp-json\/wp\/v2\/media?parent=1179"}],"curies":[{"name":"wp","href":"https:\/\/api.w.org\/{rel}","templated":true}]}}